{"id":2,"date":"2016-05-10T03:48:21","date_gmt":"2016-05-10T03:48:21","guid":{"rendered":"https:\/\/blackboard.octoflex.de\/?page_id=2"},"modified":"2022-04-01T07:54:05","modified_gmt":"2022-04-01T07:54:05","slug":"sample-page","status":"publish","type":"page","link":"https:\/\/blackboard.octoflex.de\/","title":{"rendered":"Schwarzes Brett"},"content":{"rendered":"<p><a href=\"https:\/\/blackboard.octoflex.de\/\"><img src=\"\/wp-content\/uploads\/2022\/03\/logo-inverse.svg\" alt=\"\"><\/a><\/p>\n<h1>Termine<\/h1>\n<h2>Praktikanten<\/h2>\n<h3>Herr Kohnen<\/h3>\n<div>\n<div>14.03.2022 \u2013 01.04.2022<\/div>\n<\/div>\n<h3>Herr Najjar<\/h3>\n<div>\n<div>21.03.2022 \u2013 01.04.2022<\/div>\n<\/div>\n<h3>Herr Yusuf<\/h3>\n<div>\n<div>28.03.2022 &#8211; 01.04.2022<\/div>\n<\/div>\n<h3>Herr Yusuf<\/h3>\n<div>\n<div>25.04.2022 &#8211; 06.05.2022<\/div>\n<\/div>\n<h1>News<\/h1>\n<h2>Besuch der B\u00fcrgermeisterin<\/h2>\n<div>\n<div>21.03.2022 ab 13.00 Uhr<\/div>\n<\/div>\n<div>\n<p>Frau Julia Dettmann, B\u00fcrgermeisterin der Stadt Melle besucht uns!<\/p>\n<p>Benehmt Euch!<\/p>\n<\/div>\n<h1>Corona Updates<\/h1>\n<h2>Verl\u00e4ngerung der Regelungen<\/h2>\n<div>\n<p>Um weiterhin maximalen Schutz vor einer Infektion mit dem Corona-Virus gew\u00e4hrleisten zu k\u00f6nnen, bleiben die aktuellen Massnahmen bis zum 2. April 2022 bestehen.\u00a0<\/p>\n<p>Wir beobachten die Situation genau unde werden Euch in 14 Tagen erneut \u00fcber etwaige Ver\u00e4nderungen informieren.\u00a0<\/p>\n<\/div>\n<h1>Offene Stellen<\/h1>\n<h2>GLA-WEL<\/h2>\n<ul>\n<li>\n<div>\n<p>Montage<\/p>\n<\/div>\n<\/li>\n<li>\n<div>\n<p>WIG-Schwei\u00dfen<\/p>\n<\/div>\n<\/li>\n<li>\n<div>\n<p>Anlagenf\u00fchrung<\/p>\n<\/div>\n<\/li>\n<li>\n<div>\n<p>Versand<\/p>\n<\/div>\n<\/li>\n<li>\n<div>\n<p>Produktionshelfer<\/p>\n<\/div>\n<\/li>\n<\/ul>\n<h2>Octoflex<\/h2>\n<ul>\n<li>\n<div>\n<p>Anwendungsentwicklung<\/p>\n<\/div>\n<\/li>\n<li>\n<div>\n<p>Softwareberatung<\/p>\n<\/div>\n<\/li>\n<\/ul>\n<h2>HIK<\/h2>\n<ul>\n<li>\n<div>\n<p>Montage<\/p>\n<\/div>\n<\/li>\n<li>\n<div>\n<p>Schwei\u00dfen<\/p>\n<\/div>\n<\/li>\n<\/ul>\n<div>\n<p>    <a class=\"weatherwidget-io\" href=\"https:\/\/forecast7.com\/de\/52d208d34\/melle\/\" data-label_1=\"MELLE\" data-label_2=\"WETTER\" data-font=\"inherit\" data-icons=\"Climacons Animated\" data-days=\"5\" data-theme=\"original\" data-basecolor=\"transparent\" >MELLE WETTER<\/a><br \/>\n<script>\n!function(d,s,id){var js,fjs=d.getElementsByTagName(s)[0];if(!d.getElementById(id)){js=d.createElement(s);js.id=id;js.src='https:\/\/weatherwidget.io\/js\/widget.min.js';fjs.parentNode.insertBefore(js,fjs);}}(document,'script','weatherwidget-io-js');\n<\/script>\n<\/div>\n<p><!--more--><br \/>\n<!-- {\"type\":\"layout\",\"children\":[{\"type\":\"section\",\"props\":{\"style\":\"default\",\"width\":\"expand\",\"vertical_align\":\"\",\"title_position\":\"top-left\",\"title_rotation\":\"left\",\"title_breakpoint\":\"xl\",\"image_position\":\"center-center\",\"padding\":\"large\",\"padding_remove_horizontal\":false,\"height\":\"full\",\"padding_remove_top\":true},\"children\":[{\"type\":\"row\",\"props\":{\"layout\":\"1-5,4-5\",\"width\":\"expand\",\"margin\":\"xlarge\",\"class\":\"uk-margin-large-top\"},\"children\":[{\"type\":\"column\",\"props\":{\"position_sticky_breakpoint\":\"m\",\"image_position\":\"center-center\",\"media_overlay_gradient\":\"\",\"width_medium\":\"1-5\"},\"children\":[{\"type\":\"image\",\"props\":{\"margin\":\"default\",\"image_svg_color\":\"emphasis\",\"image\":\"wp-content\\\/uploads\\\/2022\\\/03\\\/logo-inverse.svg\",\"class\":\"uk-margin-large-left\",\"image_width\":\"250\",\"link\":\"https:\\\/\\\/blackboard.octoflex.de\\\/\"}}]},{\"type\":\"column\",\"props\":{\"position_sticky_breakpoint\":\"m\",\"image_position\":\"center-center\",\"media_overlay_gradient\":\"\",\"width_medium\":\"4-5\"},\"children\":[]}]},{\"type\":\"row\",\"props\":{\"layout\":\"1-4,1-4,1-4,1-4|1-2,1-2,1-2,1-2\",\"divider\":true,\"width\":\"xlarge\"},\"children\":[{\"type\":\"column\",\"props\":{\"position_sticky_breakpoint\":\"m\",\"image_position\":\"center-center\",\"media_overlay_gradient\":\"\",\"width_medium\":\"1-4\",\"width_small\":\"1-2\"},\"children\":[{\"type\":\"headline\",\"props\":{\"title_element\":\"h1\",\"content\":\"Termine\",\"margin\":\"large\",\"title_decoration\":\"bullet\"}},{\"type\":\"headline\",\"props\":{\"title_element\":\"h2\",\"content\":\"Praktikanten\"}},{\"type\":\"headline\",\"props\":{\"title_element\":\"h3\",\"content\":\"Herr Kohnen\"}},{\"type\":\"list\",\"props\":{\"show_image\":true,\"show_link\":true,\"list_type\":\"vertical\",\"list_element\":\"ul\",\"list_horizontal_separator\":\", \",\"column_breakpoint\":\"m\",\"image_svg_color\":\"emphasis\",\"image_align\":\"left\",\"image_vertical_align\":true,\"list_size\":\"\",\"class\":\"uk-text-large\",\"list_marker\":\"square\"},\"children\":[{\"type\":\"list_item\",\"props\":{\"content\":\"14.03.2022 \\u2013 01.04.2022\"}}]},{\"type\":\"headline\",\"props\":{\"title_element\":\"h3\",\"content\":\"Herr Najjar\"}},{\"type\":\"list\",\"props\":{\"show_image\":true,\"show_link\":true,\"list_type\":\"vertical\",\"list_element\":\"ul\",\"list_horizontal_separator\":\", \",\"column_breakpoint\":\"m\",\"image_svg_color\":\"emphasis\",\"image_align\":\"left\",\"image_vertical_align\":true,\"list_size\":\"\",\"class\":\"uk-text-large\",\"list_marker\":\"square\"},\"children\":[{\"type\":\"list_item\",\"props\":{\"content\":\"21.03.2022 \\u2013 01.04.2022\"}}]},{\"type\":\"headline\",\"props\":{\"title_element\":\"h3\",\"content\":\"Herr Yusuf\"}},{\"type\":\"list\",\"props\":{\"show_image\":true,\"show_link\":true,\"list_type\":\"vertical\",\"list_element\":\"ul\",\"list_horizontal_separator\":\", \",\"column_breakpoint\":\"m\",\"image_svg_color\":\"emphasis\",\"image_align\":\"left\",\"image_vertical_align\":true,\"list_size\":\"\",\"class\":\"uk-text-large\",\"list_marker\":\"square\"},\"children\":[{\"type\":\"list_item\",\"props\":{\"content\":\"28.03.2022 - 01.04.2022\"}}]},{\"type\":\"headline\",\"props\":{\"title_element\":\"h3\",\"content\":\"Herr Yusuf\"}},{\"type\":\"list\",\"props\":{\"show_image\":true,\"show_link\":true,\"list_type\":\"vertical\",\"list_element\":\"ul\",\"list_horizontal_separator\":\", \",\"column_breakpoint\":\"m\",\"image_svg_color\":\"emphasis\",\"image_align\":\"left\",\"image_vertical_align\":true,\"list_size\":\"\",\"class\":\"uk-text-large\",\"list_marker\":\"square\"},\"children\":[{\"type\":\"list_item\",\"props\":{\"content\":\"25.04.2022 - 06.05.2022\"}}]}]},{\"type\":\"column\",\"props\":{\"position_sticky_breakpoint\":\"m\",\"image_position\":\"center-center\",\"media_overlay_gradient\":\"\",\"width_medium\":\"1-4\",\"width_small\":\"1-2\"},\"children\":[{\"type\":\"headline\",\"props\":{\"title_element\":\"h1\",\"content\":\"News\",\"margin\":\"large\",\"title_decoration\":\"bullet\"}},{\"type\":\"headline\",\"props\":{\"title_element\":\"h2\",\"content\":\"Besuch der B\\u00fcrgermeisterin\"}},{\"type\":\"list\",\"props\":{\"show_image\":true,\"show_link\":true,\"list_type\":\"vertical\",\"list_element\":\"ul\",\"list_horizontal_separator\":\", \",\"column_breakpoint\":\"m\",\"image_svg_color\":\"emphasis\",\"image_align\":\"left\",\"image_vertical_align\":true,\"list_size\":\"\",\"class\":\"uk-text-large\",\"list_marker\":\"square\"},\"children\":[{\"type\":\"list_item\",\"props\":{\"content\":\"21.03.2022 ab 13.00 Uhr\"}}]},{\"type\":\"text\",\"props\":{\"margin\":\"default\",\"column_breakpoint\":\"m\",\"text_size\":\"large\",\"content\":\"\n\n<p>Frau Julia Dettmann, B\\u00fcrgermeisterin der Stadt Melle besucht uns!<\\\/p>\\n\n\n<p>Benehmt Euch!<\\\/p>\"}}]},{\"type\":\"column\",\"props\":{\"position_sticky_breakpoint\":\"m\",\"image_position\":\"center-center\",\"media_overlay_gradient\":\"\",\"width_medium\":\"1-4\",\"width_small\":\"1-2\"},\"children\":[{\"type\":\"headline\",\"props\":{\"title_element\":\"h1\",\"content\":\"Corona Updates\",\"margin\":\"large\",\"title_decoration\":\"bullet\"}},{\"type\":\"headline\",\"props\":{\"title_element\":\"h2\",\"content\":\"Verl\\u00e4ngerung der Regelungen\"}},{\"type\":\"text\",\"props\":{\"margin\":\"default\",\"column_breakpoint\":\"m\",\"text_size\":\"large\",\"content\":\"\n\n<p>Um weiterhin maximalen Schutz vor einer Infektion mit dem Corona-Virus gew\\u00e4hrleisten zu k\\u00f6nnen, bleiben die aktuellen Massnahmen bis zum 2. April 2022 bestehen.\\u00a0<\\\/p>\\n\n\n<p>Wir beobachten die Situation genau unde werden Euch in 14 Tagen erneut \\u00fcber etwaige Ver\\u00e4nderungen informieren.\\u00a0<\\\/p>\"}}]},{\"type\":\"column\",\"props\":{\"position_sticky_breakpoint\":\"m\",\"image_position\":\"center-center\",\"media_overlay_gradient\":\"\",\"width_medium\":\"1-4\",\"width_small\":\"1-2\"},\"children\":[{\"type\":\"headline\",\"props\":{\"title_element\":\"h1\",\"content\":\"Offene Stellen\",\"margin\":\"large\",\"title_decoration\":\"bullet\"}},{\"type\":\"headline\",\"props\":{\"title_element\":\"h2\",\"content\":\"GLA-WEL\"}},{\"type\":\"list\",\"props\":{\"show_image\":true,\"show_link\":true,\"list_type\":\"vertical\",\"list_element\":\"ul\",\"list_horizontal_separator\":\", \",\"column_breakpoint\":\"m\",\"image_svg_color\":\"emphasis\",\"image_align\":\"left\",\"image_vertical_align\":true,\"list_size\":\"\",\"class\":\"uk-text-large\",\"list_marker\":\"square\"},\"children\":[{\"type\":\"list_item\",\"props\":{\"content\":\"\n\n<p>Montage<\\\/p>\"}},{\"type\":\"list_item\",\"props\":{\"content\":\"\n\n<p>WIG-Schwei\\u00dfen<\\\/p>\"}},{\"type\":\"list_item\",\"props\":{\"content\":\"\n\n<p>Anlagenf\\u00fchrung<\\\/p>\"}},{\"type\":\"list_item\",\"props\":{\"content\":\"\n\n<p>Versand<\\\/p>\"}},{\"type\":\"list_item\",\"props\":{\"content\":\"\n\n<p>Produktionshelfer<\\\/p>\"}}]},{\"type\":\"headline\",\"props\":{\"title_element\":\"h2\",\"content\":\"Octoflex\"}},{\"type\":\"list\",\"props\":{\"show_image\":true,\"show_link\":true,\"list_type\":\"vertical\",\"list_element\":\"ul\",\"list_horizontal_separator\":\", \",\"column_breakpoint\":\"m\",\"image_svg_color\":\"emphasis\",\"image_align\":\"left\",\"image_vertical_align\":true,\"list_size\":\"\",\"class\":\"uk-text-large\",\"list_marker\":\"square\"},\"children\":[{\"type\":\"list_item\",\"props\":{\"content\":\"\n\n<p>Anwendungsentwicklung<\\\/p>\"}},{\"type\":\"list_item\",\"props\":{\"content\":\"\n\n<p>Softwareberatung<\\\/p>\"}}]},{\"type\":\"headline\",\"props\":{\"title_element\":\"h2\",\"content\":\"HIK\"}},{\"type\":\"list\",\"props\":{\"show_image\":true,\"show_link\":true,\"list_type\":\"vertical\",\"list_element\":\"ul\",\"list_horizontal_separator\":\", \",\"column_breakpoint\":\"m\",\"image_svg_color\":\"emphasis\",\"image_align\":\"left\",\"image_vertical_align\":true,\"list_size\":\"\",\"class\":\"uk-text-large\",\"list_marker\":\"square\"},\"children\":[{\"type\":\"list_item\",\"props\":{\"content\":\"\n\n<p>Montage<\\\/p>\"}},{\"type\":\"list_item\",\"props\":{\"content\":\"\n\n<p>Schwei\\u00dfen<\\\/p>\"}}]}]}]},{\"type\":\"row\",\"props\":{\"layout\":\"1-4,1-4,1-4,1-4|1-2,1-2,1-2,1-2\",\"divider\":true,\"margin_remove_top\":true,\"width\":\"xlarge\"},\"children\":[{\"type\":\"column\",\"props\":{\"position_sticky_breakpoint\":\"m\",\"image_position\":\"center-center\",\"media_overlay_gradient\":\"\",\"width_medium\":\"1-4\",\"width_small\":\"1-2\"},\"children\":[{\"type\":\"html\",\"props\":{\"content\":\"<a class=\\\"weatherwidget-io\\\" href=\\\"https:\\\/\\\/forecast7.com\\\/de\\\/52d208d34\\\/melle\\\/\\\" data-label_1=\\\"MELLE\\\" data-label_2=\\\"WETTER\\\" data-font=\\\"inherit\\\" data-icons=\\\"Climacons Animated\\\" data-days=\\\"5\\\" data-theme=\\\"original\\\" data-basecolor=\\\"transparent\\\" >MELLE WETTER<\\\/a>\\n<script>\\n!function(d,s,id){var js,fjs=d.getElementsByTagName(s)[0];if(!d.getElementById(id)){js=d.createElement(s);js.id=id;js.src='https:\\\/\\\/weatherwidget.io\\\/js\\\/widget.min.js';fjs.parentNode.insertBefore(js,fjs);}}(document,'script','weatherwidget-io-js');\\n<\\\/script>\"}}]},{\"type\":\"column\",\"props\":{\"position_sticky_breakpoint\":\"m\",\"image_position\":\"center-center\",\"media_overlay_gradient\":\"\",\"width_medium\":\"1-4\",\"width_small\":\"1-2\"},\"children\":[]},{\"type\":\"column\",\"props\":{\"position_sticky_breakpoint\":\"m\",\"image_position\":\"center-center\",\"media_overlay_gradient\":\"\",\"width_medium\":\"1-4\",\"width_small\":\"1-2\"},\"children\":[]},{\"type\":\"column\",\"props\":{\"position_sticky_breakpoint\":\"m\",\"image_position\":\"center-center\",\"media_overlay_gradient\":\"\",\"width_medium\":\"1-4\",\"width_small\":\"1-2\"},\"children\":[]}]}]}],\"version\":\"2.7.21\"} --><\/p>\n","protected":false},"excerpt":{"rendered":"<p>Termine Praktikanten Herr Kohnen 14.03.2022 \u2013 01.04.2022 Herr Najjar 21.03.2022 \u2013 01.04.2022 Herr Yusuf 28.03.2022 &#8211; 01.04.2022 Herr Yusuf 25.04.2022 &#8211; 06.05.2022 News Besuch der B\u00fcrgermeisterin 21.03.2022 ab 13.00 Uhr Frau Julia Dettmann, B\u00fcrgermeisterin der Stadt Melle besucht uns! Benehmt Euch! Corona Updates Verl\u00e4ngerung der Regelungen Um weiterhin maximalen Schutz vor einer Infektion mit dem [&hellip;]<\/p>\n","protected":false},"author":1,"featured_media":0,"parent":0,"menu_order":0,"comment_status":"closed","ping_status":"open","template":"","meta":[],"_links":{"self":[{"href":"https:\/\/blackboard.octoflex.de\/index.php?rest_route=\/wp\/v2\/pages\/2"}],"collection":[{"href":"https:\/\/blackboard.octoflex.de\/index.php?rest_route=\/wp\/v2\/pages"}],"about":[{"href":"https:\/\/blackboard.octoflex.de\/index.php?rest_route=\/wp\/v2\/types\/page"}],"author":[{"embeddable":true,"href":"https:\/\/blackboard.octoflex.de\/index.php?rest_route=\/wp\/v2\/users\/1"}],"replies":[{"embeddable":true,"href":"https:\/\/blackboard.octoflex.de\/index.php?rest_route=%2Fwp%2Fv2%2Fcomments&post=2"}],"version-history":[{"count":43,"href":"https:\/\/blackboard.octoflex.de\/index.php?rest_route=\/wp\/v2\/pages\/2\/revisions"}],"predecessor-version":[{"id":70,"href":"https:\/\/blackboard.octoflex.de\/index.php?rest_route=\/wp\/v2\/pages\/2\/revisions\/70"}],"wp:attachment":[{"href":"https:\/\/blackboard.octoflex.de\/index.php?rest_route=%2Fwp%2Fv2%2Fmedia&parent=2"}],"curies":[{"name":"wp","href":"https:\/\/api.w.org\/{rel}","templated":true}]}}